{"id":12,"date":"2020-11-11T17:17:24","date_gmt":"2020-11-11T16:17:24","guid":{"rendered":"http:\/\/wp.bb-immo-gmbh.de\/?page_id=12"},"modified":"2023-02-22T18:37:13","modified_gmt":"2023-02-22T17:37:13","slug":"impressum","status":"publish","type":"page","link":"http:\/\/www.altstadt-hotel-wismar.de\/index.php\/impressum\/","title":{"rendered":"Impressum"},"content":{"rendered":"<div id='layer_slider_1'  class='avia-layerslider main_color avia-shadow  avia-builder-el-0  el_before_av_section  avia-builder-el-first  container_wrap sidebar_right' style='  height: 301px; max-width: 1280px; margin: 0 auto;' ><\/div>\n<div id='av_section_1'  class='avia-section main_color avia-section-default avia-no-border-styling  avia-bg-style-scroll  avia-builder-el-1  el_after_av_layerslider  avia-builder-el-last   container_wrap sidebar_right' style='background-color: #ffffcc;  '  ><div class='container' ><div class='template-page content  av-content-small alpha units'><div class='post-entry post-entry-type-page post-entry-12'><div class='entry-content-wrapper clearfix'>\n<section class=\"av_textblock_section \"  itemscope=\"itemscope\" itemtype=\"https:\/\/schema.org\/CreativeWork\" ><div class='avia_textblock  '   itemprop=\"text\" ><p style=\"text-align: center;\">Hotel Kn\u00f6pel<br \/>\nDahlmannstra\u00dfe 4<br \/>\n23966 Wismar<\/p>\n<p style=\"text-align: center;\">Tel.: (0049) 03841-209020<\/p>\n<p style=\"text-align: center;\">Gesch\u00e4ftsf\u00fchrerin: Franziska Brast<\/p>\n<p style=\"text-align: center;\">E-Mail: info@wp.bb-immo-gmbh.de<br \/>\nInternet: www.altstadt-hotel-wismar.de<\/p>\n<p style=\"text-align: center;\">Umsatzsteuer-ID: DE297332003<br \/>\nSteuer-Nummer: 079\/106\/06977<\/p>\n<p style=\"text-align: center;\"><strong>Inhaber:<\/strong><\/p>\n<p style=\"text-align: center;\">B &amp; B IMMO GmbH<br \/>\nKlinikberg 220<br \/>\n18069 Rostock<\/p>\n<p style=\"text-align: center;\">Registergericht: Amtsgericht Rostock<br \/>\nRegisternummer: HRB 13036<\/p>\n<p style=\"text-align: center;\"><strong>Haftungshinweis:<\/strong><\/p>\n<p style=\"text-align: center;\">Trotz sorgf\u00e4ltiger inhaltlicher Kontrolle \u00fcbernehmen wir keine Haftung f\u00fcr die Inhalte externer Links.<br \/>\nF\u00fcr den Inhalt der verlinkten Seiten sind ausschlie\u00dflich deren Betreiber verantwortlich.<\/p>\n<div style=\"text-align: center;\"><\/div>\n<div><\/div>\n<\/div><\/section>\n<\/div><\/div><\/div><!-- close content main div --><\/div><\/div><div id='after_section_1'  class='main_color av_default_container_wrap container_wrap sidebar_right' style=' '  ><div class='container' ><div class='template-page content  av-content-small alpha units'><div class='post-entry post-entry-type-page post-entry-12'><div class='entry-content-wrapper clearfix'>\n","protected":false},"excerpt":{"rendered":"","protected":false},"author":2,"featured_media":0,"parent":0,"menu_order":0,"comment_status":"closed","ping_status":"closed","template":"","meta":{"footnotes":""},"class_list":["post-12","page","type-page","status-publish","hentry"],"_links":{"self":[{"href":"http:\/\/www.altstadt-hotel-wismar.de\/index.php\/wp-json\/wp\/v2\/pages\/12","targetHints":{"allow":["GET"]}}],"collection":[{"href":"http:\/\/www.altstadt-hotel-wismar.de\/index.php\/wp-json\/wp\/v2\/pages"}],"about":[{"href":"http:\/\/www.altstadt-hotel-wismar.de\/index.php\/wp-json\/wp\/v2\/types\/page"}],"author":[{"embeddable":true,"href":"http:\/\/www.altstadt-hotel-wismar.de\/index.php\/wp-json\/wp\/v2\/users\/2"}],"replies":[{"embeddable":true,"href":"http:\/\/www.altstadt-hotel-wismar.de\/index.php\/wp-json\/wp\/v2\/comments?post=12"}],"version-history":[{"count":7,"href":"http:\/\/www.altstadt-hotel-wismar.de\/index.php\/wp-json\/wp\/v2\/pages\/12\/revisions"}],"predecessor-version":[{"id":310,"href":"http:\/\/www.altstadt-hotel-wismar.de\/index.php\/wp-json\/wp\/v2\/pages\/12\/revisions\/310"}],"wp:attachment":[{"href":"http:\/\/www.altstadt-hotel-wismar.de\/index.php\/wp-json\/wp\/v2\/media?parent=12"}],"curies":[{"name":"wp","href":"https:\/\/api.w.org\/{rel}","templated":true}]}}