{"id":166,"date":"2020-11-14T09:43:48","date_gmt":"2020-11-14T08:43:48","guid":{"rendered":"http:\/\/wp.bb-immo-gmbh.de\/?page_id=166"},"modified":"2024-04-01T12:24:07","modified_gmt":"2024-04-01T11:24:07","slug":"zimmerpreise","status":"publish","type":"page","link":"http:\/\/www.altstadt-hotel-wismar.de\/index.php\/zimmerpreise\/","title":{"rendered":"Zimmerpreise"},"content":{"rendered":"<div id='layer_slider_1'  class='avia-layerslider main_color avia-shadow  avia-builder-el-0  el_before_av_section  avia-builder-el-first  container_wrap sidebar_right' style='  height: 301px; max-width: 1280px; margin: 0 auto;' ><\/div>\n<div id='av_section_1'  class='avia-section main_color avia-section-default avia-no-border-styling  avia-bg-style-scroll  avia-builder-el-1  el_after_av_layerslider  avia-builder-el-last   container_wrap sidebar_right' style='background-color: #ffffcc;  '  ><div class='container' ><div class='template-page content  av-content-small alpha units'><div class='post-entry post-entry-type-page post-entry-166'><div class='entry-content-wrapper clearfix'>\n<section class=\"av_textblock_section \"  itemscope=\"itemscope\" itemtype=\"https:\/\/schema.org\/CreativeWork\" ><div class='avia_textblock  '   itemprop=\"text\" ><p style=\"text-align: center;\">Unser Hotel bietet unseren G\u00e4sten\u00a0 15 geschmackvoll eingerichtete Zimmer.<\/p>\n<div><\/div>\n<\/div><\/section>\n<section class=\"av_textblock_section \"  itemscope=\"itemscope\" itemtype=\"https:\/\/schema.org\/CreativeWork\" ><div class='avia_textblock  '   itemprop=\"text\" ><p style=\"text-align: center;\"><strong>Preise f\u00fcr \u00dcbernachtung:<\/strong><\/p>\n<div><\/div>\n<div><\/div>\n<\/div><\/section>\n<div class='avia-data-table-wrap avia_responsive_table'><table class='avia-table avia-data-table avia-table-1  avia-builder-el-4  el_after_av_textblock  el_before_av_textblock  avia_pricing_default '  itemscope=\"itemscope\" itemtype=\"https:\/\/schema.org\/Table\" ><tbody><tr class='avia-heading-row'><th class=''><\/th><th class='avia-center-col'>Preise 2023<\/th><\/tr><tr class=''><td class=''>Einzelzimmer<\/td><td class='avia-center-col'>ab 45,00 \u20ac<\/td><\/tr><tr class=''><td class=''>Doppelzimmer<\/td><td class='avia-center-col'>ab 50,00 \u20ac<\/td><\/tr><tr class=''><td class=''>Dreibettzimmer<\/td><td class='avia-center-col'>ab 65,00 \u20ac<\/td><\/tr><tr class=''><td class=''>Vierbettzimmer<\/td><td class='avia-center-col'>ab 80,00 \u20ac<\/td><\/tr><\/tbody><\/table><\/div><style type='text\/css'>.avia-table-1 td:nth-of-type(1):before { content: ''; } .avia-table-1 td:nth-of-type(2):before { content: 'Preise 2023'; } <\/style>\n<section class=\"av_textblock_section \"  itemscope=\"itemscope\" itemtype=\"https:\/\/schema.org\/CreativeWork\" ><div class='avia_textblock  '   itemprop=\"text\" ><p style=\"text-align: center;\">Alle angegebenen Preise ohne Fr\u00fchst\u00fcck<br \/>\nPreis f\u00fcr Fr\u00fchst\u00fcck: 14,00 \u20ac pro Person<\/p>\n<p style=\"text-align: center;\"><strong>!!! T\u00e4glich Check In ab 14:00 Uhr \/ Check Out bis 10:00 Uhr !!!<\/strong><br \/>\nBeachten Sie bitte, dass zu den Feiertagen die Zimmer einen Aufpreis haben.<\/p>\n<p style=\"text-align: center;\">vorhandene hauseigene Parkpl\u00e4tze<br \/>\nfreier WLAN Zugang<br \/>\nBabybett kostenlos<br \/>\nAufbettungen sind nicht m\u00f6glich<br \/>\nHaustiere sind nicht gestattet<\/p>\n<div><\/div>\n<div><\/div>\n<div><\/div>\n<div><\/div>\n<\/div><\/section>\n<div   class='hr hr-default   avia-builder-el-6  el_after_av_textblock  el_before_av_textblock '><span class='hr-inner ' ><span class='hr-inner-style'><\/span><\/span><\/div>\n<section class=\"av_textblock_section \"  itemscope=\"itemscope\" itemtype=\"https:\/\/schema.org\/CreativeWork\" ><div class='avia_textblock  '   itemprop=\"text\" ><p style=\"text-align: center;\"><strong>Unser Fr\u00fchst\u00fccksraum:<\/strong><\/p>\n<div><\/div>\n<\/div><\/section>\n<div class=\"flex_column av_one_half  flex_column_div av-zero-column-padding first  avia-builder-el-8  el_after_av_textblock  el_before_av_one_half  column-top-margin\" style='border-radius:0px; '><section class=\"av_textblock_section \"  itemscope=\"itemscope\" itemtype=\"https:\/\/schema.org\/CreativeWork\" ><div class='avia_textblock  '   itemprop=\"text\" ><p style=\"text-align: center;\">Fr\u00fchst\u00fccksbuffet:<\/p>\n<p style=\"text-align: center;\">Ge\u00f6ffnet t\u00e4glich von 8.00 &#8211; 10.00 Uhr<\/p>\n<p style=\"text-align: center;\">\n<p style=\"text-align: center;\"><strong>Haustiere sind im Fr\u00fchst\u00fccksraum nicht gestattet.<\/strong><\/p>\n<div><\/div>\n<\/div><\/section><\/div><div class=\"flex_column av_one_half  flex_column_div av-zero-column-padding   avia-builder-el-10  el_after_av_one_half  avia-builder-el-last  column-top-margin\" style='border-radius:0px; '><div id='av-masonry-1' class='av-masonry  noHover av-fixed-size av-large-gap av-hover-overlay- av-masonry-animation- av-masonry-col-2 av-caption-always av-caption-style- av-masonry-gallery     '  ><div class='av-masonry-container isotope av-js-disabled ' ><div class='av-masonry-entry isotope-item av-masonry-item-no-image '><\/div><a href=\"http:\/\/www.altstadt-hotel-wismar.de\/wp-content\/uploads\/2020\/11\/Fruehstueck-1-1030x687.gif\"  aria-label=\"image image with no title\"  id='av-masonry-1-item-183' data-av-masonry-item='183' class='av-masonry-entry isotope-item post-183 attachment type-attachment status-inherit hentry  av-masonry-item-with-image' title=\"\"  itemprop=\"thumbnailUrl\" ><div class='av-inner-masonry-sizer'><\/div><figure class='av-inner-masonry main_color'><div class=\"av-masonry-outerimage-container\"><div class=\"av-masonry-image-container\" style=\"background-image: url(http:\/\/www.altstadt-hotel-wismar.de\/wp-content\/uploads\/2020\/11\/Fruehstueck-1-705x470.gif);\"><\/div><\/div><\/figure><\/a><!--end av-masonry entry--><a href=\"http:\/\/www.altstadt-hotel-wismar.de\/wp-content\/uploads\/2020\/11\/Fruehstueck-2-1030x687.gif\"  aria-label=\"image image with no title\"  id='av-masonry-1-item-189' data-av-masonry-item='189' class='av-masonry-entry isotope-item post-189 attachment type-attachment status-inherit hentry  av-masonry-item-with-image' title=\"\"  itemprop=\"thumbnailUrl\" ><div class='av-inner-masonry-sizer'><\/div><figure class='av-inner-masonry main_color'><div class=\"av-masonry-outerimage-container\"><div class=\"av-masonry-image-container\" style=\"background-image: url(http:\/\/www.altstadt-hotel-wismar.de\/wp-content\/uploads\/2020\/11\/Fruehstueck-2-705x470.gif);\"><\/div><\/div><\/figure><\/a><!--end av-masonry entry--><\/div><\/div><\/div><\/div><\/div><\/div><!-- close content main div --><\/div><\/div><div id='after_section_1'  class='main_color av_default_container_wrap container_wrap sidebar_right' style=' '  ><div class='container' ><div class='template-page content  av-content-small alpha units'><div class='post-entry post-entry-type-page post-entry-166'><div class='entry-content-wrapper clearfix'>\n","protected":false},"excerpt":{"rendered":"","protected":false},"author":2,"featured_media":0,"parent":0,"menu_order":0,"comment_status":"closed","ping_status":"closed","template":"","meta":{"footnotes":""},"class_list":["post-166","page","type-page","status-publish","hentry"],"_links":{"self":[{"href":"http:\/\/www.altstadt-hotel-wismar.de\/index.php\/wp-json\/wp\/v2\/pages\/166","targetHints":{"allow":["GET"]}}],"collection":[{"href":"http:\/\/www.altstadt-hotel-wismar.de\/index.php\/wp-json\/wp\/v2\/pages"}],"about":[{"href":"http:\/\/www.altstadt-hotel-wismar.de\/index.php\/wp-json\/wp\/v2\/types\/page"}],"author":[{"embeddable":true,"href":"http:\/\/www.altstadt-hotel-wismar.de\/index.php\/wp-json\/wp\/v2\/users\/2"}],"replies":[{"embeddable":true,"href":"http:\/\/www.altstadt-hotel-wismar.de\/index.php\/wp-json\/wp\/v2\/comments?post=166"}],"version-history":[{"count":31,"href":"http:\/\/www.altstadt-hotel-wismar.de\/index.php\/wp-json\/wp\/v2\/pages\/166\/revisions"}],"predecessor-version":[{"id":360,"href":"http:\/\/www.altstadt-hotel-wismar.de\/index.php\/wp-json\/wp\/v2\/pages\/166\/revisions\/360"}],"wp:attachment":[{"href":"http:\/\/www.altstadt-hotel-wismar.de\/index.php\/wp-json\/wp\/v2\/media?parent=166"}],"curies":[{"name":"wp","href":"https:\/\/api.w.org\/{rel}","templated":true}]}}