{"id":21,"date":"2020-11-11T17:37:21","date_gmt":"2020-11-11T16:37:21","guid":{"rendered":"http:\/\/wp.bb-immo-gmbh.de\/?page_id=21"},"modified":"2020-11-13T10:50:24","modified_gmt":"2020-11-13T09:50:24","slug":"agb","status":"publish","type":"page","link":"http:\/\/www.altstadt-hotel-wismar.de\/index.php\/agb\/","title":{"rendered":"AGB"},"content":{"rendered":"<div id='layer_slider_1'  class='avia-layerslider main_color avia-shadow  avia-builder-el-0  el_before_av_section  avia-builder-el-first  container_wrap sidebar_right' style='  height: 301px; max-width: 1280px; margin: 0 auto;' ><\/div>\n<div id='av_section_1'  class='avia-section main_color avia-section-default avia-no-border-styling  avia-bg-style-scroll  avia-builder-el-1  el_after_av_layerslider  avia-builder-el-last   container_wrap sidebar_right' style='background-color: #ffffcc;  '  ><div class='container' ><div class='template-page content  av-content-small alpha units'><div class='post-entry post-entry-type-page post-entry-21'><div class='entry-content-wrapper clearfix'>\n<section class=\"av_textblock_section \"  itemscope=\"itemscope\" itemtype=\"https:\/\/schema.org\/CreativeWork\" ><div class='avia_textblock  '   itemprop=\"text\" ><p style=\"text-align: center;\"><strong>Allgemeine Gesch\u00e4ftsbedingungen f\u00fcr den Beherbergungsbetrieb in den Hotels der Ostsee Hotel Dienstleistungs GmbH<\/strong><\/p>\n<p style=\"text-align: center;\"><strong>1. Geltungsbereich<\/strong><br \/>\nDiese Gesch\u00e4ftsbedingungen gelten f\u00fcr s\u00e4mtliche Beherbergungsvertr\u00e4ge in der Ostsee Hotel Dienstleistungs GmbH.<br \/>\nAlle Vereinbarungen zwischen den Hotels und dem anderen Vertragsteil ( Beherbergungsg\u00e4ste ) werden schriftlich niedergelegt.<br \/>\nDie Schriftform liegt auch vor, wenn \u00fcber Email, Fax, Reservierungsformular der Websites der Schriftverkehr erfolgt ist. Der andere Vertragspartner muss seinen Namen, Vornamen und die vollst\u00e4ndige Anschrift \u00fcbermitteln.<br \/>\nGesch\u00e4ftbedingungen des Vertragspartners finden keine Anwendung.<\/p>\n<p style=\"text-align: center;\"><strong>2. Allgemeiner Teil<\/strong><br \/>\nGerichtsstand und Erf\u00fcllungsort ist Hansestadt Wismar.<br \/>\nUnsere Preise sind freibleibend und unverbindlich. Auftr\u00e4ge, Reservierungen und Nebenabreden werden erst durch schriftliche Best\u00e4tigung durch die Pensionen f\u00fcr uns verbindlich.<br \/>\nF\u00fcr Schlechterf\u00fcllung unserer vertraglichen Verpflichtungen durch uns einschlie\u00dflich der F\u00e4lle des Unverm\u00f6gens, Unm\u00f6glichkeit oder Verzug, leisten wir Schadensersatz nur in F\u00e4llen des Vorsatzes und der groben Fahrl\u00e4ssigkeit. Unsere eventuelle Haftung beschr\u00e4nkt sich auf 10% des Wertes des betreffenden Teils unserer Leistung.<br \/>\nGegen unsere Zahlungsanspr\u00fcche kann mit Gegenforderungen nur aufgerechnet werden, wenn die Gegenforderung von uns zugestanden oder rechtskr\u00e4ftig festgestellt worden ist. Zur\u00fcckbehaltungsrechte gegen uns werden, soweit gesetzlich zul\u00e4ssig, ausgeschlossen.<\/p>\n<p style=\"text-align: center;\"><strong>3. Besonderer Teil<\/strong><br \/>\nDer Gastaufnahmevertrag ( Mietvertrag ) ist abgeschlossen, sobald das Zimmer bestellt oder zugesagt bzw. bereitgestellt worden ist. Der Abschluss des Gastaufnahmevertrages ( Mietvertrag ) verpflichtet die Vertragspartner zur Erf\u00fcllung des Vertrages, gleichg\u00fcltig auf welche Dauer der Vertrag abgeschlossen worden ist. der Vertrag kann nicht einseitig gel\u00f6st werden. Optionsdaten sind f\u00fcr beide Partner verbindlich.<br \/>\nDer Kunde oder Besucher tr\u00e4gt das alleinige Haftungsrisiko f\u00fcr Gegenst\u00e4nde oder Materialien die er in allgemein zug\u00e4nglichen R\u00e4umen der Hotels hinterlassen hat. Im Zimmer kann eine Haftung nur dann \u00fcbernommen werden, wenn es sich um pers\u00f6nliche Gegenst\u00e4nde des Kunden handelt, die er zum Zeitpunkt der Nutzung des Zimmers effektiv ben\u00f6tigt. F\u00fcr Wertgegenst\u00e4nde, Schmuck, Bargeld usw. wird keinerlei Haftung \u00fcbernommen.<br \/>\nReservierte Hotelzimmer stehen dem Gast von 14 Uhr am Anreisetag bis 11 Uhr am Abreisetag zur Verf\u00fcgung. Der Leistungsnehmer erwirbt keinen Anspruch auf Bereitstellung bestimmter Zimmer. Sollten vereinbarte Zimmer, aus welchen Gr\u00fcnden auch immer, nicht verf\u00fcgbar sein, sind wir verpflichtet eine gleichwertigen Ersatz auch au\u00dferhalb des Hauses, soweit dies zumutbar ist Sorge zu tragen.<br \/>\nBei Um- bzw. Abbestellungen von reservierten Zimmern werden in Rechnung gestellt:<br \/>\n&#8211; Storno zwischen dem 21. und dem 10. Tag vorher: 10% der bestellten Leistung \/ mindestens 10,- Euro<br \/>\n&#8211; Storno zwischen dem 10. und dem 03. Tag vorher: 30% der bestellten Leistung<br \/>\n&#8211; Storno innerhalb 48 Stunden vor Anreise: 50% der bestellten Leistung.<br \/>\n&#8211; Nicht stornierte Zimmerbuchungen werden mit 100% berechnet.<br \/>\n&#8211; Die Stornierungsgeb\u00fchren werden um den Betrag der Logis vermindert, die durch die Weitervermietung der stornierten Zimmer zum bestellten Termin erzielt werden k\u00f6nnen.<\/p>\n<p style=\"text-align: center;\"><strong>Anreisezeiten:<\/strong><br \/>\nT\u00e4glich ab 14 Uhr bis 22 Uhr. (Sondervereinbarung m\u00f6glich)<\/p>\n<div style=\"text-align: center;\"><\/div>\n<div><\/div>\n<div><\/div>\n<\/div><\/section>\n<\/div><\/div><\/div><!-- close content main div --><\/div><\/div><div id='after_section_1'  class='main_color av_default_container_wrap container_wrap sidebar_right' style=' '  ><div class='container' ><div class='template-page content  av-content-small alpha units'><div class='post-entry post-entry-type-page post-entry-21'><div class='entry-content-wrapper clearfix'>\n","protected":false},"excerpt":{"rendered":"","protected":false},"author":2,"featured_media":0,"parent":0,"menu_order":0,"comment_status":"closed","ping_status":"closed","template":"","meta":{"footnotes":""},"class_list":["post-21","page","type-page","status-publish","hentry"],"_links":{"self":[{"href":"http:\/\/www.altstadt-hotel-wismar.de\/index.php\/wp-json\/wp\/v2\/pages\/21","targetHints":{"allow":["GET"]}}],"collection":[{"href":"http:\/\/www.altstadt-hotel-wismar.de\/index.php\/wp-json\/wp\/v2\/pages"}],"about":[{"href":"http:\/\/www.altstadt-hotel-wismar.de\/index.php\/wp-json\/wp\/v2\/types\/page"}],"author":[{"embeddable":true,"href":"http:\/\/www.altstadt-hotel-wismar.de\/index.php\/wp-json\/wp\/v2\/users\/2"}],"replies":[{"embeddable":true,"href":"http:\/\/www.altstadt-hotel-wismar.de\/index.php\/wp-json\/wp\/v2\/comments?post=21"}],"version-history":[{"count":6,"href":"http:\/\/www.altstadt-hotel-wismar.de\/index.php\/wp-json\/wp\/v2\/pages\/21\/revisions"}],"predecessor-version":[{"id":109,"href":"http:\/\/www.altstadt-hotel-wismar.de\/index.php\/wp-json\/wp\/v2\/pages\/21\/revisions\/109"}],"wp:attachment":[{"href":"http:\/\/www.altstadt-hotel-wismar.de\/index.php\/wp-json\/wp\/v2\/media?parent=21"}],"curies":[{"name":"wp","href":"https:\/\/api.w.org\/{rel}","templated":true}]}}